{"id":684,"date":"2023-11-30T22:42:35","date_gmt":"2023-12-01T08:42:35","guid":{"rendered":"https:\/\/heitakiborarentalcars.com\/?page_id=684"},"modified":"2023-11-30T22:47:27","modified_gmt":"2023-12-01T08:47:27","slug":"mentions-legales","status":"publish","type":"page","link":"https:\/\/heitakiborarentalcars.com\/index.php\/mentions-legales\/","title":{"rendered":"Mentions l\u00e9gales"},"content":{"rendered":"\n<p><strong><a href=\"https:\/\/heitakiborarentalcars.com\/\"><span style=\"text-decoration: underline;\">Heitaki bora rental cars<\/span><\/a><\/strong><\/p>\n\n\n\n<p><strong>ADRESSE DE COURRIER \u00c9LECTRONIQUE :<\/strong>\u00a0<a href=\"mailto:contact@heitakiborarentalcars.com\">contact@heitakiborarentalcars.com<\/a><\/p>\n\n\n\n<p><strong>LE CR\u00c9ATEUR DU SITE EST :<\/strong>&nbsp;<a href=\"https:\/\/tahiti-proweb.com\/\">TAHITI PROWEB agence cr\u00e9ation de site internet en Polyn\u00e9sie<\/a><a href=\"https:\/\/tahiti-proweb.com\/\">&nbsp;Fran\u00e7aise<\/a><\/p>\n\n\n\n<p><strong>LE RESPONSABLE DE LA PUBLICATION EST :<\/strong>\u00a0<strong><strong><a href=\"https:\/\/heitakiborarentalcars.com\/\"><span style=\"text-decoration: underline;\">Heitaki bora rental cars<\/span><\/a><\/strong><\/strong><br><strong>CONTACTEZ LE RESPONSABLE DE LA PUBLICATION PAR EMAIL<\/strong><\/p>\n\n\n\n<p><strong>LE<\/strong>&nbsp;<strong>WEBMASTER EST<\/strong>&nbsp;:&nbsp;<a href=\"https:\/\/tahiti-proweb.com\/\">TAHITI PROWEB&nbsp;agence web et cr\u00e9ation de site internet<\/a><br><strong>CONTACTEZ LE WEBMASTER&nbsp;<\/strong>:&nbsp;<a href=\"mailto:mataiealifestyle@gmail.com\">CONTACT@TAHITI-PROWEB.COM<\/a><br><strong>L\u2019H\u00c9BERGEUR DU SITE EST :<\/strong>&nbsp;Hostinger<\/p>\n\n\n\n<p><strong>CONDITIONS D\u2019UTILISATION :<\/strong><\/p>\n\n\n\n<p>CE SITE&nbsp;EST PROPOS\u00c9 EN DIFF\u00c9RENTS LANGAGES WEB (HTML, HTML5, JAVASCRIPT, CSS, ETC\u2026) POUR UN MEILLEUR CONFORT D\u2019UTILISATION ET UN GRAPHISME PLUS AGR\u00c9ABLE, NOUS VOUS RECOMMANDONS DE RECOURIR \u00c0 DES NAVIGATEURS MODERNES COMME INTERNET EXPLORER, SAFARI, FIREFOX, GOOGLE CHROME, ETC\u2026<\/p>\n\n\n\n<p>L\u2019<a href=\"https:\/\/tahiti-proweb.com\/\">AGENCE TAHITI-PROWEB\u00a0<\/a>MET EN \u0152UVRE TOUS LES MOYENS DONT ELLE DISPOSE, POUR ASSURER UNE INFORMATION FIABLE ET UNE MISE \u00c0 JOUR FIABLE DE SES SITES INTERNET. TOUTEFOIS, DES ERREURS OU OMISSIONS PEUVENT SURVENIR. L\u2019INTERNAUTE DEVRA DONC S\u2019ASSURER DE L\u2019EXACTITUDE DES INFORMATIONS AUPR\u00c8S DE\u00a0<a href=\"https:\/\/tahiti-proweb.com\/\">TAHITI PROWEB<\/a>, ET SIGNALER TOUTES MODIFICATIONS DU SITE QU\u2019IL JUGERAIT UTILE.\u00a0<a href=\"https:\/\/tahiti-proweb.com\/\">TAHITI PROWEB<\/a>\u00a0&amp;\u00a0\u00a0<strong><strong><a href=\"https:\/\/heitakiborarentalcars.com\/\"><span style=\"text-decoration: underline;\">Heitaki bora rental cars<\/span><\/a><\/strong><\/strong>\u00a0NE SONT EN AUCUN CAS RESPONSABLE DE L\u2019UTILISATION FAITE DE CES INFORMATIONS, ET DE TOUT PR\u00c9JUDICE DIRECT OU INDIRECT POUVANT EN D\u00c9COULER.<\/p>\n\n\n\n<p><strong>COOKIES<\/strong>&nbsp;:<\/p>\n\n\n\n<p>LE SITE DE\u00a0<strong><strong><a href=\"https:\/\/heitakiborarentalcars.com\/\"><span style=\"text-decoration: underline;\">Heitaki bora rental cars<\/span><\/a><\/strong><\/strong>\u00a0PEUT-\u00caTRE AMEN\u00c9 \u00c0 VOUS DEMANDER L\u2019ACCEPTATION DES COOKIES POUR DES BESOINS DE STATISTIQUES ET D\u2019AFFICHAGE. UN COOKIES EST UNE INFORMATION D\u00c9POS\u00c9E SUR VOTRE DISQUE DUR PAR LE SERVEUR DU SITE QUE VOUS VISITEZ. IL CONTIENT PLUSIEURS DONN\u00c9ES QUI SONT STOCK\u00c9ES SUR VOTRE ORDINATEUR DANS UN SIMPLE FICHIER TEXTE AUQUEL UN SERVEUR ACC\u00c8DE POUR LIRE ET ENREGISTRER DES INFORMATIONS. CERTAINES PARTIES DE CE SITE NE PEUVENT \u00caTRE FONCTIONNELLES SANS L\u2019ACCEPTATION DE COOKIES.<\/p>\n\n\n\n<p><strong>LIENS HYPERTEXTES :<\/strong>&nbsp;<\/p>\n\n\n\n<p>LES SITES INTERNET DE PEUVENT OFFRIR DES LIENS VERS D\u2019AUTRES SITES INTERNET OU D\u2019AUTRES RESSOURCES DISPONIBLES SUR INTERNET.\u00a0\u00a0<strong><a href=\"https:\/\/heitakiborarentalcars.com\/\"><span style=\"text-decoration: underline;\">Heitaki bora rental cars<\/span><\/a><\/strong>\u00a0NE DISPOSE D\u2019AUCUN MOYEN POUR CONTR\u00d4LER LES SITES EN CONNEXION AVEC SES SITES INTERNET. NE R\u00c9POND PAS DE LA DISPONIBILIT\u00c9 DE TELS SITES ET SOURCES EXTERNES, NI NE LA GARANTIT. ELLE NE PEUT \u00caTRE TENUE POUR RESPONSABLE DE TOUT DOMMAGE, DE QUELQUE NATURE QUE CE SOIT, R\u00c9SULTANT DU CONTENU DE CES SITES OU SOURCES EXTERNES, ET NOTAMMENT DES INFORMATIONS, PRODUITS OU SERVICES QU\u2019ILS PROPOSENT, OU DE TOUT USAGE QUI PEUT \u00caTRE FAIT DE CES \u00c9L\u00c9MENTS. LES RISQUES LI\u00c9S \u00c0 CETTE UTILISATION INCOMBENT PLEINEMENT \u00c0 L\u2019INTERNAUTE, QUI DOIT SE CONFORMER \u00c0 LEURS CONDITIONS D\u2019UTILISATION.<\/p>\n\n\n\n<p>LES UTILISATEURS, LES ABONN\u00c9S ET LES VISITEURS DES SITES INTERNET \u00a0NE PEUVENT PAS METTRE EN PLACE UN HYPERLIEN EN DIRECTION DE CE SITE SANS L\u2019AUTORISATION EXPRESSE ET PR\u00c9ALABLE DE\u00a0<strong><a href=\"https:\/\/heitakiborarentalcars.com\/\"><span style=\"text-decoration: underline;\">Heitaki bora rental cars<\/span><\/a><\/strong>.<\/p>\n\n\n\n<p>DANS L\u2019HYPOTH\u00c8SE O\u00d9 UN UTILISATEUR OU VISITEUR SOUHAITERAIT METTRE EN PLACE UN HYPERLIEN EN DIRECTION D\u2019UN DES SITES INTERNET DE\u00a0<strong><a href=\"https:\/\/heitakiborarentalcars.com\/\"><span style=\"text-decoration: underline;\">Heitaki bora rental cars<\/span><\/a><\/strong>, IL LUI APPARTIENDRA D\u2019ADRESSER UN EMAIL ACCESSIBLE SUR LE SITE AFIN DE FORMULER SA DEMANDE DE MISE EN PLACE D\u2019UN HYPERLIEN.\u00a0<strong><a href=\"https:\/\/heitakiborarentalcars.com\/\"><span style=\"text-decoration: underline;\">Heitaki bora rental cars<\/span><\/a><\/strong>\u00a0SE R\u00c9SERVE LE DROIT D\u2019ACCEPTER OU DE REFUSER UN HYPERLIEN SANS AVOIR \u00c0 EN JUSTIFIER SA D\u00c9CISION.<\/p>\n\n\n\n<p><strong>SERVICES FOURNIS :<\/strong><\/p>\n\n\n\n<p>L\u2019ENSEMBLE DES ACTIVIT\u00c9S DE LA SOCI\u00c9T\u00c9 AINSI QUE SES INFORMATIONS SONT PR\u00c9SENT\u00c9S SUR NOTRE SITE\u00a0<strong><strong><a href=\"https:\/\/heitakiborarentalcars.com\/\"><span style=\"text-decoration: underline;\">Heitaki bora rental cars<\/span><\/a><\/strong><\/strong>.<\/p>\n\n\n\n<p><strong><a href=\"https:\/\/heitakiborarentalcars.com\/\"><span style=\"text-decoration: underline;\">Heitaki bora rental cars<\/span><\/a><\/strong>\u00a0S\u2019EFFORCE DE FOURNIR SUR LE SITE\u00a0<strong><a href=\"https:\/\/heitakiborarentalcars.com\/\"><span style=\"text-decoration: underline;\">Heitaki bora rental cars<\/span><\/a><\/strong> DES INFORMATIONS AUSSI PR\u00c9CISES QUE POSSIBLE. LES RENSEIGNEMENTS FIGURANT SUR LE SITE <strong><a href=\"https:\/\/heitakiborarentalcars.com\/\"><span style=\"text-decoration: underline;\">Heitaki bora rental cars<\/span><\/a>\u00a0<\/strong>NE SONT PAS EXHAUSTIFS ET LES PHOTOS NON CONTRACTUELLES. ILS SONT DONN\u00c9S SOUS R\u00c9SERVE DE MODIFICATIONS AYANT \u00c9T\u00c9 APPORT\u00c9ES DEPUIS LEUR MISE EN LIGNE. PAR AILLEURS, TOUS LES INFORMATIONS INDIQU\u00c9ES SUR LE SITE\u00a0<strong><a href=\"https:\/\/heitakiborarentalcars.com\/\"><span style=\"text-decoration: underline;\">Heitaki bora rental cars<\/span><\/a>\u00a0<\/strong>SONT DONN\u00c9ES \u00c0 TITRE INDICATIF, ET SONT SUSCEPTIBLES DE CHANGER OU D\u2019\u00c9VOLUER SANS PR\u00c9AVIS.<\/p>\n\n\n\n<p><strong>LIMITATION CONTRACTUELLES SUR LES DONN\u00c9ES :<\/strong><\/p>\n\n\n\n<p>LES INFORMATIONS CONTENUES SUR CE SITE SONT AUSSI PR\u00c9CISES QUE POSSIBLE ET LE SITE REMIS \u00c0 JOUR \u00c0 DIFF\u00c9RENTES P\u00c9RIODES DE L\u2019ANN\u00c9E, MAIS PEUT TOUTEFOIS CONTENIR DES INEXACTITUDES OU DES OMISSIONS. SI VOUS CONSTATEZ UNE LACUNE, ERREUR OU CE QUI PARAIT \u00caTRE UN DYSFONCTIONNEMENT, MERCI DE BIEN VOULOIR LE SIGNALER PAR EMAIL, EN D\u00c9CRIVANT LE PROBL\u00c8ME DE LA MANI\u00c8RE LA PLUS PR\u00c9CISE POSSIBLE (PAGE POSANT PROBL\u00c8ME, TYPE D\u2019ORDINATEUR ET DE NAVIGATEUR UTILIS\u00c9, \u2026).<\/p>\n\n\n\n<p>TOUT CONTENU T\u00c9L\u00c9CHARG\u00c9 SE FAIT AUX RISQUES ET P\u00c9RILS DE L\u2019UTILISATEUR ET SOUS SA SEULE RESPONSABILIT\u00c9. EN CONS\u00c9QUENCE, NE SAURAIT \u00caTRE TENU RESPONSABLE D\u2019UN QUELCONQUE DOMMAGE SUBI PAR L\u2019ORDINATEUR DE L\u2019UTILISATEUR OU D\u2019UNE QUELCONQUE PERTE DE DONN\u00c9ES CONS\u00c9CUTIVES AU T\u00c9L\u00c9CHARGEMENT.&nbsp;DE PLUS, L\u2019UTILISATEUR DU SITE S\u2019ENGAGE \u00c0 ACC\u00c9DER AU SITE EN UTILISANT UN MAT\u00c9RIEL R\u00c9CENT, NE CONTENANT PAS DE VIRUS ET AVEC UN NAVIGATEUR DE DERNI\u00c8RE G\u00c9N\u00c9RATION MIS-\u00c0-JOUR.<\/p>\n\n\n\n<p>LES LIENS HYPERTEXTES MIS EN PLACE DANS LE CADRE DU PR\u00c9SENT SITE INTERNET EN DIRECTION D\u2019AUTRES RESSOURCES PR\u00c9SENTES SUR LE R\u00c9SEAU INTERNET NE SAURAIENT ENGAGER LA RESPONSABILIT\u00c9 DE\u00a0<strong><a href=\"https:\/\/heitakiborarentalcars.com\/\"><span style=\"text-decoration: underline;\">Heitaki bora rental cars<\/span><\/a><\/strong>.<\/p>\n\n\n\n<p><strong>PROPRI\u00c9T\u00c9 INTELLECTUELLE :<\/strong><\/p>\n\n\n\n<p>TOUT LE CONTENU DU PR\u00c9SENT SITE\u00a0<strong><strong><a href=\"https:\/\/heitakiborarentalcars.com\/\"><span style=\"text-decoration: underline;\">Heitaki bora rental cars<\/span><\/a><\/strong>\u00a0<\/strong>, INCLUANT, DE FA\u00c7ON NON LIMITATIVE, LES GRAPHISMES, IMAGES, TEXTES, VID\u00c9OS, ANIMATIONS, SONS, LOGOS, GIFS ET IC\u00d4NES AINSI QUE LEUR MISE EN FORME SONT LA PROPRI\u00c9T\u00c9 EXCLUSIVE DE LA SOCI\u00c9T\u00c9 \u00c0 L\u2019EXCEPTION DES MARQUES, LOGOS OU CONTENUS APPARTENANT \u00c0 D\u2019AUTRES SOCI\u00c9T\u00c9S PARTENAIRES OU AUTEURS.<\/p>\n\n\n\n<p>TOUTE REPRODUCTION, DISTRIBUTION, MODIFICATION, ADAPTATION, RETRANSMISSION OU PUBLICATION, M\u00caME PARTIELLE, DE CES DIFF\u00c9RENTS \u00c9L\u00c9MENTS EST STRICTEMENT INTERDITE SANS L\u2019ACCORD EXPR\u00c8S PAR \u00c9CRIT DE\u00a0<strong><a href=\"https:\/\/heitakiborarentalcars.com\/\"><span style=\"text-decoration: underline;\">Heitaki bora rental cars<\/span><\/a><\/strong>. CETTE REPR\u00c9SENTATION OU REPRODUCTION, PAR QUELQUE PROC\u00c9D\u00c9 QUE CE SOIT, CONSTITUE UNE CONTREFA\u00c7ON SANCTIONN\u00c9E PAR LES ARTICLES L.335-2 ET SUIVANTS DU CODE DE LA PROPRI\u00c9T\u00c9 INTELLECTUELLE. LE NON-RESPECT DE CETTE INTERDICTION CONSTITUE UNE CONTREFA\u00c7ON POUVANT ENGAGER LA RESPONSABILIT\u00c9 CIVILE ET P\u00c9NALE DU CONTREFACTEUR. EN OUTRE, LES PROPRI\u00c9TAIRES DES CONTENUS COPI\u00c9S POURRAIENT INTENTER UNE ACTION EN JUSTICE \u00c0 VOTRE ENCONTRE.<\/p>\n\n\n\n<p><strong>LITIGES :<\/strong><\/p>\n\n\n\n<p>LES PR\u00c9SENTES CONDITIONS DU SITE\u00a0<strong><a href=\"https:\/\/heitakiborarentalcars.com\/\"><span style=\"text-decoration: underline;\">Heitaki bora rental cars<\/span><\/a><\/strong>SONT R\u00c9GIES PAR LES LOIS POLYN\u00c9SIENNES ET TOUTE CONTESTATION OU LITIGES QUI POURRAIENT NA\u00ceTRE DE L\u2019INTERPR\u00c9TATION OU DE L\u2019EX\u00c9CUTION DE CELLES-CI SERONT DE LA COMP\u00c9TENCE EXCLUSIVE DES TRIBUNAUX DONT D\u00c9PEND LE SI\u00c8GE SOCIAL DE LA SOCI\u00c9T\u00c9. LA LANGUE DE R\u00c9F\u00c9RENCE, POUR LE R\u00c8GLEMENT DE CONTENTIEUX \u00c9VENTUELS, EST LE FRAN\u00c7AIS.<\/p>\n\n\n\n<p><strong>DONN\u00c9ES PERSONNELLES :<\/strong><\/p>\n\n\n\n<p>DE MANI\u00c8RE G\u00c9N\u00c9RALE, VOUS N\u2019\u00caTES PAS TENU DE NOUS COMMUNIQUER VOS DONN\u00c9ES PERSONNELLES LORSQUE VOUS VISITEZ NOTRE SITE INTERNET\u00a0<strong><strong><a href=\"https:\/\/heitakiborarentalcars.com\/\"><span style=\"text-decoration: underline;\">Heitaki bora rental cars<\/span><\/a><\/strong>\u00a0<\/strong>.<\/p>\n\n\n\n<p>CEPENDANT, CE PRINCIPE COMPORTE CERTAINES EXCEPTIONS. EN EFFET, POUR CERTAINS SERVICES PROPOS\u00c9S PAR NOTRE SITE, VOUS POUVEZ \u00caTRE AMEN\u00c9S \u00c0 NOUS COMMUNIQUER CERTAINES DONN\u00c9ES TELLES QUE : VOTRE NOM, VOTRE FONCTION, LE NOM DE VOTRE SOCI\u00c9T\u00c9, VOTRE ADRESSE \u00c9LECTRONIQUE, ET VOTRE NUM\u00c9RO DE T\u00c9L\u00c9PHONE.&nbsp;<\/p>\n\n\n\n<p>DANS TOUS LES CAS, VOUS POUVEZ REFUSER DE FOURNIR VOS DONN\u00c9ES PERSONNELLES. DANS CE CAS, VOUS NE POURREZ PAS UTILISER LES SERVICES DU SITE, NOTAMMENT CELUI DE SOLLICITER DES RENSEIGNEMENTS SUR NOTRE SOCI\u00c9T\u00c9, OU DE RECEVOIR LES LETTRES D\u2019INFORMATION.<\/p>\n\n\n\n<p>ENFIN, NOUS POUVONS COLLECTER DE MANI\u00c8RE AUTOMATIQUE CERTAINES INFORMATIONS VOUS CONCERNANT LORS D\u2019UNE SIMPLE NAVIGATION SUR NOTRE SITE INTERNET, NOTAMMENT : DES INFORMATIONS CONCERNANT L\u2019UTILISATION DE NOTRE SITE, COMME LES ZONES QUE VOUS VISITEZ ET LES SERVICES AUXQUELS VOUS ACC\u00c9DEZ, VOTRE ADRESSE IP, LE TYPE DE VOTRE NAVIGATEUR, VOS TEMPS D\u2019ACC\u00c8S.<\/p>\n\n\n\n<p>DE TELLES INFORMATIONS SONT UTILIS\u00c9ES EXCLUSIVEMENT \u00c0 DES FINS DE STATISTIQUES INTERNES, DE MANI\u00c8RE \u00c0 AM\u00c9LIORER LA QUALIT\u00c9 DES SERVICES QUI VOUS SONT PROPOS\u00c9S. LES BASES DE DONN\u00c9ES SONT PROT\u00c9G\u00c9ES PAR LES DISPOSITIONS DE LA LOI DU 1ER JUILLET 1998 TRANSPOSANT LA DIRECTIVE 96\/9 DU 11 MARS 1996 RELATIVE \u00c0 LA PROTECTION JURIDIQUE DES BASES DE DONN\u00c9ES.<\/p>\n","protected":false},"excerpt":{"rendered":"<p>Heitaki bora rental cars ADRESSE DE COURRIER \u00c9LECTRONIQUE :\u00a0contact@heitakiborarentalcars.com LE CR\u00c9ATEUR DU SITE EST :&nbsp;TAHITI PROWEB agence cr\u00e9ation de site internet en Polyn\u00e9sie&nbsp;Fran\u00e7aise LE RESPONSABLE DE LA PUBLICATION EST :\u00a0Heitaki bora rental carsCONTACTEZ LE RESPONSABLE DE LA PUBLICATION PAR EMAIL LE&nbsp;WEBMASTER EST&nbsp;:&nbsp;TAHITI PROWEB&nbsp;agence web et cr\u00e9ation de site internetCONTACTEZ LE WEBMASTER&nbsp;:&nbsp;CONTACT@TAHITI-PROWEB.COML\u2019H\u00c9BERGEUR DU SITE EST :&nbsp;Hostinger [&hellip;]<\/p>\n","protected":false},"author":1,"featured_media":0,"parent":0,"menu_order":0,"comment_status":"closed","ping_status":"closed","template":"","meta":{"footnotes":""},"class_list":["post-684","page","type-page","status-publish","hentry"],"yoast_head":"<!-- This site is optimized with the Yoast SEO plugin v27.4 - https:\/\/yoast.com\/product\/yoast-seo-wordpress\/ -->\n<title>Mentions l\u00e9gales - Heitaki Bora Rental Cars<\/title>\n<meta name=\"robots\" content=\"index, follow, max-snippet:-1, max-image-preview:large, max-video-preview:-1\" \/>\n<link rel=\"canonical\" href=\"https:\/\/heitakiborarentalcars.com\/index.php\/mentions-legales\/\" \/>\n<meta property=\"og:locale\" content=\"fr_FR\" \/>\n<meta property=\"og:type\" content=\"article\" \/>\n<meta property=\"og:title\" content=\"Mentions l\u00e9gales - Heitaki Bora Rental Cars\" \/>\n<meta property=\"og:description\" content=\"Heitaki bora rental cars ADRESSE DE COURRIER \u00c9LECTRONIQUE :\u00a0contact@heitakiborarentalcars.com LE CR\u00c9ATEUR DU SITE EST :&nbsp;TAHITI PROWEB agence cr\u00e9ation de site internet en Polyn\u00e9sie&nbsp;Fran\u00e7aise LE RESPONSABLE DE LA PUBLICATION EST :\u00a0Heitaki bora rental carsCONTACTEZ LE RESPONSABLE DE LA PUBLICATION PAR EMAIL LE&nbsp;WEBMASTER EST&nbsp;:&nbsp;TAHITI PROWEB&nbsp;agence web et cr\u00e9ation de site internetCONTACTEZ LE WEBMASTER&nbsp;:&nbsp;CONTACT@TAHITI-PROWEB.COML\u2019H\u00c9BERGEUR DU SITE EST :&nbsp;Hostinger [&hellip;]\" \/>\n<meta property=\"og:url\" content=\"https:\/\/heitakiborarentalcars.com\/index.php\/mentions-legales\/\" \/>\n<meta property=\"og:site_name\" content=\"Heitaki Bora Rental Cars\" \/>\n<meta property=\"article:modified_time\" content=\"2023-12-01T08:47:27+00:00\" \/>\n<meta name=\"twitter:card\" content=\"summary_large_image\" \/>\n<meta name=\"twitter:label1\" content=\"Dur\u00e9e de lecture estim\u00e9e\" \/>\n\t<meta name=\"twitter:data1\" content=\"7 minutes\" \/>\n<script type=\"application\/ld+json\" class=\"yoast-schema-graph\">{\"@context\":\"https:\\\/\\\/schema.org\",\"@graph\":[{\"@type\":\"WebPage\",\"@id\":\"https:\\\/\\\/heitakiborarentalcars.com\\\/index.php\\\/mentions-legales\\\/\",\"url\":\"https:\\\/\\\/heitakiborarentalcars.com\\\/index.php\\\/mentions-legales\\\/\",\"name\":\"Mentions l\u00e9gales - Heitaki Bora Rental Cars\",\"isPartOf\":{\"@id\":\"https:\\\/\\\/heitakiborarentalcars.com\\\/#website\"},\"datePublished\":\"2023-12-01T08:42:35+00:00\",\"dateModified\":\"2023-12-01T08:47:27+00:00\",\"breadcrumb\":{\"@id\":\"https:\\\/\\\/heitakiborarentalcars.com\\\/index.php\\\/mentions-legales\\\/#breadcrumb\"},\"inLanguage\":\"fr-FR\",\"potentialAction\":[{\"@type\":\"ReadAction\",\"target\":[\"https:\\\/\\\/heitakiborarentalcars.com\\\/index.php\\\/mentions-legales\\\/\"]}]},{\"@type\":\"BreadcrumbList\",\"@id\":\"https:\\\/\\\/heitakiborarentalcars.com\\\/index.php\\\/mentions-legales\\\/#breadcrumb\",\"itemListElement\":[{\"@type\":\"ListItem\",\"position\":1,\"name\":\"Accueil\",\"item\":\"https:\\\/\\\/heitakiborarentalcars.com\\\/\"},{\"@type\":\"ListItem\",\"position\":2,\"name\":\"Mentions l\u00e9gales\"}]},{\"@type\":\"WebSite\",\"@id\":\"https:\\\/\\\/heitakiborarentalcars.com\\\/#website\",\"url\":\"https:\\\/\\\/heitakiborarentalcars.com\\\/\",\"name\":\"Heitaki Bora Rental Cars\",\"description\":\"Rent a car - Bora Bora\",\"publisher\":{\"@id\":\"https:\\\/\\\/heitakiborarentalcars.com\\\/#organization\"},\"potentialAction\":[{\"@type\":\"SearchAction\",\"target\":{\"@type\":\"EntryPoint\",\"urlTemplate\":\"https:\\\/\\\/heitakiborarentalcars.com\\\/?s={search_term_string}\"},\"query-input\":{\"@type\":\"PropertyValueSpecification\",\"valueRequired\":true,\"valueName\":\"search_term_string\"}}],\"inLanguage\":\"fr-FR\"},{\"@type\":\"Organization\",\"@id\":\"https:\\\/\\\/heitakiborarentalcars.com\\\/#organization\",\"name\":\"Heitaki Bora Rental Cars\",\"url\":\"https:\\\/\\\/heitakiborarentalcars.com\\\/\",\"logo\":{\"@type\":\"ImageObject\",\"inLanguage\":\"fr-FR\",\"@id\":\"https:\\\/\\\/heitakiborarentalcars.com\\\/#\\\/schema\\\/logo\\\/image\\\/\",\"url\":\"https:\\\/\\\/heitakiborarentalcars.com\\\/wp-content\\\/uploads\\\/2024\\\/02\\\/C.png\",\"contentUrl\":\"https:\\\/\\\/heitakiborarentalcars.com\\\/wp-content\\\/uploads\\\/2024\\\/02\\\/C.png\",\"width\":500,\"height\":500,\"caption\":\"Heitaki Bora Rental Cars\"},\"image\":{\"@id\":\"https:\\\/\\\/heitakiborarentalcars.com\\\/#\\\/schema\\\/logo\\\/image\\\/\"}}]}<\/script>\n<!-- \/ Yoast SEO plugin. -->","yoast_head_json":{"title":"Mentions l\u00e9gales - Heitaki Bora Rental Cars","robots":{"index":"index","follow":"follow","max-snippet":"max-snippet:-1","max-image-preview":"max-image-preview:large","max-video-preview":"max-video-preview:-1"},"canonical":"https:\/\/heitakiborarentalcars.com\/index.php\/mentions-legales\/","og_locale":"fr_FR","og_type":"article","og_title":"Mentions l\u00e9gales - Heitaki Bora Rental Cars","og_description":"Heitaki bora rental cars ADRESSE DE COURRIER \u00c9LECTRONIQUE :\u00a0contact@heitakiborarentalcars.com LE CR\u00c9ATEUR DU SITE EST :&nbsp;TAHITI PROWEB agence cr\u00e9ation de site internet en Polyn\u00e9sie&nbsp;Fran\u00e7aise LE RESPONSABLE DE LA PUBLICATION EST :\u00a0Heitaki bora rental carsCONTACTEZ LE RESPONSABLE DE LA PUBLICATION PAR EMAIL LE&nbsp;WEBMASTER EST&nbsp;:&nbsp;TAHITI PROWEB&nbsp;agence web et cr\u00e9ation de site internetCONTACTEZ LE WEBMASTER&nbsp;:&nbsp;CONTACT@TAHITI-PROWEB.COML\u2019H\u00c9BERGEUR DU SITE EST :&nbsp;Hostinger [&hellip;]","og_url":"https:\/\/heitakiborarentalcars.com\/index.php\/mentions-legales\/","og_site_name":"Heitaki Bora Rental Cars","article_modified_time":"2023-12-01T08:47:27+00:00","twitter_card":"summary_large_image","twitter_misc":{"Dur\u00e9e de lecture estim\u00e9e":"7 minutes"},"schema":{"@context":"https:\/\/schema.org","@graph":[{"@type":"WebPage","@id":"https:\/\/heitakiborarentalcars.com\/index.php\/mentions-legales\/","url":"https:\/\/heitakiborarentalcars.com\/index.php\/mentions-legales\/","name":"Mentions l\u00e9gales - Heitaki Bora Rental Cars","isPartOf":{"@id":"https:\/\/heitakiborarentalcars.com\/#website"},"datePublished":"2023-12-01T08:42:35+00:00","dateModified":"2023-12-01T08:47:27+00:00","breadcrumb":{"@id":"https:\/\/heitakiborarentalcars.com\/index.php\/mentions-legales\/#breadcrumb"},"inLanguage":"fr-FR","potentialAction":[{"@type":"ReadAction","target":["https:\/\/heitakiborarentalcars.com\/index.php\/mentions-legales\/"]}]},{"@type":"BreadcrumbList","@id":"https:\/\/heitakiborarentalcars.com\/index.php\/mentions-legales\/#breadcrumb","itemListElement":[{"@type":"ListItem","position":1,"name":"Accueil","item":"https:\/\/heitakiborarentalcars.com\/"},{"@type":"ListItem","position":2,"name":"Mentions l\u00e9gales"}]},{"@type":"WebSite","@id":"https:\/\/heitakiborarentalcars.com\/#website","url":"https:\/\/heitakiborarentalcars.com\/","name":"Heitaki Bora Rental Cars","description":"Rent a car - Bora Bora","publisher":{"@id":"https:\/\/heitakiborarentalcars.com\/#organization"},"potentialAction":[{"@type":"SearchAction","target":{"@type":"EntryPoint","urlTemplate":"https:\/\/heitakiborarentalcars.com\/?s={search_term_string}"},"query-input":{"@type":"PropertyValueSpecification","valueRequired":true,"valueName":"search_term_string"}}],"inLanguage":"fr-FR"},{"@type":"Organization","@id":"https:\/\/heitakiborarentalcars.com\/#organization","name":"Heitaki Bora Rental Cars","url":"https:\/\/heitakiborarentalcars.com\/","logo":{"@type":"ImageObject","inLanguage":"fr-FR","@id":"https:\/\/heitakiborarentalcars.com\/#\/schema\/logo\/image\/","url":"https:\/\/heitakiborarentalcars.com\/wp-content\/uploads\/2024\/02\/C.png","contentUrl":"https:\/\/heitakiborarentalcars.com\/wp-content\/uploads\/2024\/02\/C.png","width":500,"height":500,"caption":"Heitaki Bora Rental Cars"},"image":{"@id":"https:\/\/heitakiborarentalcars.com\/#\/schema\/logo\/image\/"}}]}},"jetpack_sharing_enabled":true,"_links":{"self":[{"href":"https:\/\/heitakiborarentalcars.com\/index.php\/wp-json\/wp\/v2\/pages\/684","targetHints":{"allow":["GET"]}}],"collection":[{"href":"https:\/\/heitakiborarentalcars.com\/index.php\/wp-json\/wp\/v2\/pages"}],"about":[{"href":"https:\/\/heitakiborarentalcars.com\/index.php\/wp-json\/wp\/v2\/types\/page"}],"author":[{"embeddable":true,"href":"https:\/\/heitakiborarentalcars.com\/index.php\/wp-json\/wp\/v2\/users\/1"}],"replies":[{"embeddable":true,"href":"https:\/\/heitakiborarentalcars.com\/index.php\/wp-json\/wp\/v2\/comments?post=684"}],"version-history":[{"count":2,"href":"https:\/\/heitakiborarentalcars.com\/index.php\/wp-json\/wp\/v2\/pages\/684\/revisions"}],"predecessor-version":[{"id":690,"href":"https:\/\/heitakiborarentalcars.com\/index.php\/wp-json\/wp\/v2\/pages\/684\/revisions\/690"}],"wp:attachment":[{"href":"https:\/\/heitakiborarentalcars.com\/index.php\/wp-json\/wp\/v2\/media?parent=684"}],"curies":[{"name":"wp","href":"https:\/\/api.w.org\/{rel}","templated":true}]}}